{"id":2432,"date":"2021-10-13T16:53:24","date_gmt":"2021-10-13T16:53:24","guid":{"rendered":"https:\/\/seniorcenter.hu\/?page_id=2432"},"modified":"2022-03-30T18:44:09","modified_gmt":"2022-03-30T18:44:09","slug":"meghivok-plakatok","status":"publish","type":"page","link":"https:\/\/seniorcenter.hu\/?page_id=2432","title":{"rendered":"Megh\u00edv\u00f3k, plak\u00e1tok"},"content":{"rendered":"\t\t<div data-elementor-type=\"wp-page\" data-elementor-id=\"2432\" class=\"elementor elementor-2432\">\n\t\t\t\t\t\t\t\t\t<section class=\"elementor-section elementor-top-section elementor-element elementor-element-0eb518c elementor-section-boxed elementor-section-height-default elementor-section-height-default\" data-id=\"0eb518c\" data-element_type=\"section\">\n\t\t\t\t\t\t<div class=\"elementor-container elementor-column-gap-default\">\n\t\t\t\t\t<div class=\"elementor-column elementor-col-100 elementor-top-column elementor-element elementor-element-962666a\" data-id=\"962666a\" data-element_type=\"column\">\n\t\t\t<div class=\"elementor-widget-wrap elementor-element-populated\">\n\t\t\t\t\t\t\t\t<div class=\"elementor-element elementor-element-3a5ec93 elementor-widget elementor-widget-heading\" data-id=\"3a5ec93\" data-element_type=\"widget\" data-widget_type=\"heading.default\">\n\t\t\t\t<div class=\"elementor-widget-container\">\n\t\t\t<style>\/*! elementor - v3.6.1 - 23-03-2022 *\/\n.elementor-heading-title{padding:0;margin:0;line-height:1}.elementor-widget-heading .elementor-heading-title[class*=elementor-size-]>a{color:inherit;font-size:inherit;line-height:inherit}.elementor-widget-heading .elementor-heading-title.elementor-size-small{font-size:15px}.elementor-widget-heading .elementor-heading-title.elementor-size-medium{font-size:19px}.elementor-widget-heading .elementor-heading-title.elementor-size-large{font-size:29px}.elementor-widget-heading .elementor-heading-title.elementor-size-xl{font-size:39px}.elementor-widget-heading .elementor-heading-title.elementor-size-xxl{font-size:59px}<\/style><h3 class=\"elementor-heading-title elementor-size-default\">Megh\u00edv\u00f3k, plak\u00e1tok<\/h3>\t\t<\/div>\n\t\t\t\t<\/div>\n\t\t\t\t<div class=\"elementor-element elementor-element-6f34f7e elementor-widget elementor-widget-shortcode\" data-id=\"6f34f7e\" data-element_type=\"widget\" data-widget_type=\"shortcode.default\">\n\t\t\t\t<div class=\"elementor-widget-container\">\n\t\t\t\t\t<div class=\"elementor-shortcode\"><style>\n    .wpdmdt-toolbar {\n        padding: 10px 10px 0 10px;\n    }\n    .wpdmdt-toolbarb {\n        padding: 5px 10px 10px;\n    }\n    .wpdmdt-toolbar > div {\n        display: inline-block;\n    }\n    table,td,th{\n        border: 0;\n    }\n    #wpdm-all-packages .card{\n        overflow: hidden;\n    }\n    .dataTables_wrapper .table{\n        margin: 0;\n    }\n    #wpdmmydls-344b30f987055e7f921e5f2ea9b436d2{\n        border-bottom: 1px solid #dddddd;\n        border-top: 1px solid #dddddd;\n        font-size: 10pt;\n        min-width: 100%;\n    }\n    #wpdmmydls-344b30f987055e7f921e5f2ea9b436d2 .wpdm-download-link img{\n        box-shadow: none !important;\n        max-width: 100%;\n    }\n    .w3eden .pagination{\n        margin: 0 !important;\n    }\n    #wpdmmydls-344b30f987055e7f921e5f2ea9b436d2 td:not(:first-child){\n        vertical-align: middle !important;\n    }\n    #wpdmmydls-344b30f987055e7f921e5f2ea9b436d2 td.__dt_col_download_link .btn{\n        display: block;\n        width: 100%;\n    }\n    #wpdmmydls-344b30f987055e7f921e5f2ea9b436d2 td.__dt_col_download_link,\n    #wpdmmydls-344b30f987055e7f921e5f2ea9b436d2 th#download_link{\n        max-width: 155px !important;\n        width: 155px;\n\n    }\n    #wpdmmydls-344b30f987055e7f921e5f2ea9b436d2 th{\n        background-color: rgba(0,0,0,0.04);\n        border-bottom: 1px solid rgba(0,0,0,0.025);\n    }\n    #wpdmmydls-344b30f987055e7f921e5f2ea9b436d2_length label,\n    #wpdmmydls-344b30f987055e7f921e5f2ea9b436d2_filter label{\n        font-weight: 400;\n    }\n    #wpdmmydls-344b30f987055e7f921e5f2ea9b436d2_filter input[type=search]{\n        display: inline-block;\n        width: 200px;\n    }\n    #wpdmmydls-344b30f987055e7f921e5f2ea9b436d2_length select{\n        display: inline-block;\n        width: 60px;\n    }\n\n    #wpdmmydls-344b30f987055e7f921e5f2ea9b436d2 .package-title{\n        color:#36597C;\n        font-size: 11pt;\n        font-weight: 700;\n    }\n    #wpdmmydls-344b30f987055e7f921e5f2ea9b436d2 .small-txt{\n        margin-right: 7px;\n    }\n    #wpdmmydls-344b30f987055e7f921e5f2ea9b436d2 td{\n        min-width: 150px;\n    }\n\n    #wpdmmydls-344b30f987055e7f921e5f2ea9b436d2 td.__dt_col_categories{\n        max-width: 300px;\n    }\n\n    #wpdmmydls-344b30f987055e7f921e5f2ea9b436d2 .small-txt,\n    #wpdmmydls-344b30f987055e7f921e5f2ea9b436d2 small{\n        font-size: 9pt;\n    }\n    .w3eden .table-striped tbody tr:nth-of-type(2n+1) {\n        background-color: rgba(0,0,0,0.015);\n    }\n    .dataTables_wrapper .dataTables_paginate .paginate_button:active,\n    .dataTables_wrapper .dataTables_paginate .paginate_button:focus,\n    .dataTables_wrapper .dataTables_paginate .paginate_button:hover,\n    .dataTables_wrapper .dataTables_paginate .paginate_button{\n        margin: 0 !important;\n        padding: 0 !important;\n        border: 0 !important;\n        background: transparent !important;\n    }\n\n\n    @media (max-width: 799px) {\n        #wpdmmydls-344b30f987055e7f921e5f2ea9b436d2 tr {\n            display: block;\n            border: 3px solid rgba(0,0,0,0.3) !important;\n            margin-bottom: 10px !important;\n            position: relative;\n        }\n        #wpdmmydls-344b30f987055e7f921e5f2ea9b436d2 thead{\n            display: none;\n        }\n        #wpdmmydls-344b30f987055e7f921e5f2ea9b436d2,\n        #wpdmmydls-344b30f987055e7f921e5f2ea9b436d2 td:first-child {\n            border: 0 !important;\n        }\n        #wpdmmydls-344b30f987055e7f921e5f2ea9b436d2 td {\n            display: block;\n        }\n        #wpdmmydls-344b30f987055e7f921e5f2ea9b436d2 td.__dt_col_download_link {\n            display: block;\n            max-width: 100% !important;\n            width: auto !important;\n\n        }\n    }\n\n\n<\/style>\n<div class=\"w3eden\">\n    <div id=\"wpdm-all-packages\">\n        <table id=\"wpdmmydls-344b30f987055e7f921e5f2ea9b436d2\" class=\"table table-striped wpdm-all-packages-table\">\n            <thead>\n            <tr>\n                                <th style=\"\"  id=\"title\" class=\"\">C\u00edm<\/th>\n                                <th style=\"\"  id=\"categories\" class=\"hidden-sm hidden-xs\">Kateg\u00f3ri\u00e1k<\/th>\n                                <th style=\"\"  id=\"update_date\" class=\"hidden-sm hidden-xs\">Felt\u00f6lt\u00e9s d\u00e1tuma<\/th>\n                                <th style=\"\"  id=\"download_link\" class=\"hidden-sm hidden-xs\">Let\u00f6lt\u00e9s<\/th>\n                \n            <\/tr>\n            <\/thead>\n            <tbody>\n            \n                    <tr class=\"__dt_row\">\n                                                <td  class=\"__dt_col_0 __dt_col __dt_col_title\" style=\"background-image: url('https:\/\/seniorcenter.hu\/wp-content\/plugins\/download-manager\/assets\/file-type-icons\/jpg.svg');background-size: 36px;background-position: 5px 8px;background-repeat:  no-repeat;padding-left: 52px;line-height: normal;\">\n                            <strong>ABLAK A VIL\u00c1GRA &#8211; 2021. M\u00c1RCIUS 4.<\/strong><br\/><span class='__dt_file_count small-txt'>1<\/span><span class='__dt_download_count small-txt'><i class=\"far fa-arrow-alt-circle-down\"><\/i> 17 let\u00f6lt\u00e9s<\/span><div class=\"hidden-md hidden-lg td-mobile\"><\/div>\n\n                        <\/td>\n                                                <td  class=\"__dt_col_1 __dt_col __dt_col_categories\" >\n                            <span class='__dt_categories '><a class='sbyc' href='https:\/\/seniorcenter.hu\/?page_id=2432&tax%5Bwpdmcategory%5D=meghivok'>Megh\u00edv\u00f3k<\/a><\/span>\n\n                        <\/td>\n                                                <td  data-order=\"1634083200\"  class=\"__dt_col_2 __dt_col __dt_col_update_date\" >\n                            <span class='__dt_update_date '>okt\u00f3ber 13, 2021<\/span>\n\n                        <\/td>\n                                                <td  class=\"__dt_col_3 __dt_col __dt_col_download_link\" >\n                            <a class='wpdm-download-link download-on-click btn btn-primary ' rel='nofollow' href='#' data-downloadurl=\"https:\/\/seniorcenter.hu\/?wpdmpro=ablak-a-vilagra-2021-marcius-4&wpdmdl=2439&refresh=69f87438ee2141777890360\">Let\u00f6lt\u00e9s<\/a>\n\n                        <\/td>\n                        \n                    <\/tr>\n                \n                    <tr class=\"__dt_row\">\n                                                <td  class=\"__dt_col_0 __dt_col __dt_col_title\" style=\"background-image: url('https:\/\/seniorcenter.hu\/wp-content\/plugins\/download-manager\/assets\/file-type-icons\/pdf.svg');background-size: 36px;background-position: 5px 8px;background-repeat:  no-repeat;padding-left: 52px;line-height: normal;\">\n                            <strong>ID\u0150SEK AKAD\u00c9MI\u00c1JA 2020 &#8211; GYERE \u00dcL KEDVES MELL\u00c9M (2020. NY\u00c1R)<\/strong><br\/><span class='__dt_file_count small-txt'>1<\/span><span class='__dt_download_count small-txt'><i class=\"far fa-arrow-alt-circle-down\"><\/i> 17 let\u00f6lt\u00e9s<\/span><div class=\"hidden-md hidden-lg td-mobile\"><\/div>\n\n                        <\/td>\n                                                <td  class=\"__dt_col_1 __dt_col __dt_col_categories\" >\n                            <span class='__dt_categories '><a class='sbyc' href='https:\/\/seniorcenter.hu\/?page_id=2432&tax%5Bwpdmcategory%5D=meghivok'>Megh\u00edv\u00f3k<\/a><\/span>\n\n                        <\/td>\n                                                <td  data-order=\"1634083200\"  class=\"__dt_col_2 __dt_col __dt_col_update_date\" >\n                            <span class='__dt_update_date '>okt\u00f3ber 13, 2021<\/span>\n\n                        <\/td>\n                                                <td  class=\"__dt_col_3 __dt_col __dt_col_download_link\" >\n                            <a class='wpdm-download-link download-on-click btn btn-primary ' rel='nofollow' href='#' data-downloadurl=\"https:\/\/seniorcenter.hu\/?wpdmpro=idosek-akademiaja-2020-gyere-ul-kedves-mellem-2020-nyar&wpdmdl=2438&refresh=69f87438efcb71777890360\">Let\u00f6lt\u00e9s<\/a>\n\n                        <\/td>\n                        \n                    <\/tr>\n                \n                    <tr class=\"__dt_row\">\n                                                <td  class=\"__dt_col_0 __dt_col __dt_col_title\" style=\"background-image: url('https:\/\/seniorcenter.hu\/wp-content\/plugins\/download-manager\/assets\/file-type-icons\/pdf.svg');background-size: 36px;background-position: 5px 8px;background-repeat:  no-repeat;padding-left: 52px;line-height: normal;\">\n                            <strong>ID\u0150SEK AKAD\u00c9MI\u00c1JA 2020 TAVASZ &#8211; GYERE \u00dcL KEDVES MELL\u00c9M<\/strong><br\/><span class='__dt_file_count small-txt'>1<\/span><span class='__dt_download_count small-txt'><i class=\"far fa-arrow-alt-circle-down\"><\/i> 12 let\u00f6lt\u00e9s<\/span><div class=\"hidden-md hidden-lg td-mobile\"><\/div>\n\n                        <\/td>\n                                                <td  class=\"__dt_col_1 __dt_col __dt_col_categories\" >\n                            <span class='__dt_categories '><a class='sbyc' href='https:\/\/seniorcenter.hu\/?page_id=2432&tax%5Bwpdmcategory%5D=meghivok'>Megh\u00edv\u00f3k<\/a><\/span>\n\n                        <\/td>\n                                                <td  data-order=\"1634083200\"  class=\"__dt_col_2 __dt_col __dt_col_update_date\" >\n                            <span class='__dt_update_date '>okt\u00f3ber 13, 2021<\/span>\n\n                        <\/td>\n                                                <td  class=\"__dt_col_3 __dt_col __dt_col_download_link\" >\n                            <a class='wpdm-download-link download-on-click btn btn-primary ' rel='nofollow' href='#' data-downloadurl=\"https:\/\/seniorcenter.hu\/?wpdmpro=idosek-akademiaja-2020-tavasz-gyere-ul-kedves-mellem&wpdmdl=2437&refresh=69f87438f161a1777890360\">Let\u00f6lt\u00e9s<\/a>\n\n                        <\/td>\n                        \n                    <\/tr>\n                \n                    <tr class=\"__dt_row\">\n                                                <td  class=\"__dt_col_0 __dt_col __dt_col_title\" style=\"background-image: url('https:\/\/seniorcenter.hu\/wp-content\/plugins\/download-manager\/assets\/file-type-icons\/pdf.svg');background-size: 36px;background-position: 5px 8px;background-repeat:  no-repeat;padding-left: 52px;line-height: normal;\">\n                            <strong>KAR\u00c1CSONYI G\u00c1LA &#8211; 2019. DECEMBER 20.<\/strong><br\/><span class='__dt_file_count small-txt'>1<\/span><span class='__dt_download_count small-txt'><i class=\"far fa-arrow-alt-circle-down\"><\/i> 13 let\u00f6lt\u00e9s<\/span><div class=\"hidden-md hidden-lg td-mobile\"><\/div>\n\n                        <\/td>\n                                                <td  class=\"__dt_col_1 __dt_col __dt_col_categories\" >\n                            <span class='__dt_categories '><a class='sbyc' href='https:\/\/seniorcenter.hu\/?page_id=2432&tax%5Bwpdmcategory%5D=meghivok'>Megh\u00edv\u00f3k<\/a><\/span>\n\n                        <\/td>\n                                                <td  data-order=\"1634083200\"  class=\"__dt_col_2 __dt_col __dt_col_update_date\" >\n                            <span class='__dt_update_date '>okt\u00f3ber 13, 2021<\/span>\n\n                        <\/td>\n                                                <td  class=\"__dt_col_3 __dt_col __dt_col_download_link\" >\n                            <a class='wpdm-download-link download-on-click btn btn-primary ' rel='nofollow' href='#' data-downloadurl=\"https:\/\/seniorcenter.hu\/?wpdmpro=karacsonyi-gala-2019-december-20&wpdmdl=2436&refresh=69f87438f2dd01777890360\">Let\u00f6lt\u00e9s<\/a>\n\n                        <\/td>\n                        \n                    <\/tr>\n                \n                    <tr class=\"__dt_row\">\n                                                <td  class=\"__dt_col_0 __dt_col __dt_col_title\" style=\"background-image: url('https:\/\/seniorcenter.hu\/wp-content\/plugins\/download-manager\/assets\/file-type-icons\/pdf.svg');background-size: 36px;background-position: 5px 8px;background-repeat:  no-repeat;padding-left: 52px;line-height: normal;\">\n                            <strong>FENY\u0150\u00c1LL\u00cdT\u00c1SI \u00dcNNEPS\u00c9G &#8211; 2019. DECEMBER 6<\/strong><br\/><span class='__dt_file_count small-txt'>1<\/span><span class='__dt_download_count small-txt'><i class=\"far fa-arrow-alt-circle-down\"><\/i> 11 let\u00f6lt\u00e9s<\/span><div class=\"hidden-md hidden-lg td-mobile\"><\/div>\n\n                        <\/td>\n                                                <td  class=\"__dt_col_1 __dt_col __dt_col_categories\" >\n                            <span class='__dt_categories '><a class='sbyc' href='https:\/\/seniorcenter.hu\/?page_id=2432&tax%5Bwpdmcategory%5D=meghivok'>Megh\u00edv\u00f3k<\/a><\/span>\n\n                        <\/td>\n                                                <td  data-order=\"1634083200\"  class=\"__dt_col_2 __dt_col __dt_col_update_date\" >\n                            <span class='__dt_update_date '>okt\u00f3ber 13, 2021<\/span>\n\n                        <\/td>\n                                                <td  class=\"__dt_col_3 __dt_col __dt_col_download_link\" >\n                            <a class='wpdm-download-link download-on-click btn btn-primary ' rel='nofollow' href='#' data-downloadurl=\"https:\/\/seniorcenter.hu\/?wpdmpro=fenyoallitasi-unnepseg-2019-december-6&wpdmdl=2435&refresh=69f87439003121777890361\">Let\u00f6lt\u00e9s<\/a>\n\n                        <\/td>\n                        \n                    <\/tr>\n                \n                    <tr class=\"__dt_row\">\n                                                <td  class=\"__dt_col_0 __dt_col __dt_col_title\" style=\"background-image: url('https:\/\/seniorcenter.hu\/wp-content\/plugins\/download-manager\/assets\/file-type-icons\/pdf.svg');background-size: 36px;background-position: 5px 8px;background-repeat:  no-repeat;padding-left: 52px;line-height: normal;\">\n                            <strong>VESEVIL\u00c1GNAP &#8211; 2019. M\u00c1RCIUS 14.<\/strong><br\/><span class='__dt_file_count small-txt'>1<\/span><span class='__dt_download_count small-txt'><i class=\"far fa-arrow-alt-circle-down\"><\/i> 8 let\u00f6lt\u00e9s<\/span><div class=\"hidden-md hidden-lg td-mobile\"><\/div>\n\n                        <\/td>\n                                                <td  class=\"__dt_col_1 __dt_col __dt_col_categories\" >\n                            <span class='__dt_categories '><a class='sbyc' href='https:\/\/seniorcenter.hu\/?page_id=2432&tax%5Bwpdmcategory%5D=meghivok'>Megh\u00edv\u00f3k<\/a><\/span>\n\n                        <\/td>\n                                                <td  data-order=\"1634083200\"  class=\"__dt_col_2 __dt_col __dt_col_update_date\" >\n                            <span class='__dt_update_date '>okt\u00f3ber 13, 2021<\/span>\n\n                        <\/td>\n                                                <td  class=\"__dt_col_3 __dt_col __dt_col_download_link\" >\n                            <a class='wpdm-download-link download-on-click btn btn-primary ' rel='nofollow' href='#' data-downloadurl=\"https:\/\/seniorcenter.hu\/?wpdmpro=vesevilagnap-2019-marcius-14&wpdmdl=2434&refresh=69f8743901aba1777890361\">Let\u00f6lt\u00e9s<\/a>\n\n                        <\/td>\n                        \n                    <\/tr>\n                                        <\/tbody>\n        <\/table>\n\n        <div class='text-center'><ul class='pagination wpdm-pagination pagination-centered text-center'><\/ul><\/div>\n    <\/div>\n<\/div>\n<\/div>\n\t\t\t\t<\/div>\n\t\t\t\t<\/div>\n\t\t\t\t\t<\/div>\n\t\t<\/div>\n\t\t\t\t\t\t\t<\/div>\n\t\t<\/section>\n\t\t\t\t\t\t\t<\/div>\n\t\t","protected":false},"excerpt":{"rendered":"<p>Megh\u00edv\u00f3k, plak\u00e1tok<\/p>\n","protected":false},"author":1,"featured_media":0,"parent":0,"menu_order":0,"comment_status":"closed","ping_status":"closed","template":"elementor_header_footer","meta":{"footnotes":""},"class_list":["post-2432","page","type-page","status-publish","hentry"],"_links":{"self":[{"href":"https:\/\/seniorcenter.hu\/index.php?rest_route=\/wp\/v2\/pages\/2432","targetHints":{"allow":["GET"]}}],"collection":[{"href":"https:\/\/seniorcenter.hu\/index.php?rest_route=\/wp\/v2\/pages"}],"about":[{"href":"https:\/\/seniorcenter.hu\/index.php?rest_route=\/wp\/v2\/types\/page"}],"author":[{"embeddable":true,"href":"https:\/\/seniorcenter.hu\/index.php?rest_route=\/wp\/v2\/users\/1"}],"replies":[{"embeddable":true,"href":"https:\/\/seniorcenter.hu\/index.php?rest_route=%2Fwp%2Fv2%2Fcomments&post=2432"}],"version-history":[{"count":16,"href":"https:\/\/seniorcenter.hu\/index.php?rest_route=\/wp\/v2\/pages\/2432\/revisions"}],"predecessor-version":[{"id":2759,"href":"https:\/\/seniorcenter.hu\/index.php?rest_route=\/wp\/v2\/pages\/2432\/revisions\/2759"}],"wp:attachment":[{"href":"https:\/\/seniorcenter.hu\/index.php?rest_route=%2Fwp%2Fv2%2Fmedia&parent=2432"}],"curies":[{"name":"wp","href":"https:\/\/api.w.org\/{rel}","templated":true}]}}