{"id":215,"date":"2021-08-31T14:26:52","date_gmt":"2021-08-31T14:26:52","guid":{"rendered":"https:\/\/seniorcenter.hu\/?page_id=215"},"modified":"2021-10-11T15:01:32","modified_gmt":"2021-10-11T15:01:32","slug":"galeria","status":"publish","type":"page","link":"https:\/\/seniorcenter.hu\/?page_id=215","title":{"rendered":"Gal\u00e9ria"},"content":{"rendered":"\t\t<div data-elementor-type=\"wp-page\" data-elementor-id=\"215\" class=\"elementor elementor-215\">\n\t\t\t\t\t\t\t\t\t<section class=\"elementor-section elementor-top-section elementor-element elementor-element-df7a7ab elementor-section-boxed elementor-section-height-default elementor-section-height-default\" data-id=\"df7a7ab\" data-element_type=\"section\">\n\t\t\t\t\t\t<div class=\"elementor-container elementor-column-gap-default\">\n\t\t\t\t\t<div class=\"elementor-column elementor-col-100 elementor-top-column elementor-element elementor-element-3eb1475\" data-id=\"3eb1475\" data-element_type=\"column\">\n\t\t\t<div class=\"elementor-widget-wrap\">\n\t\t\t\t\t\t\t\t\t<\/div>\n\t\t<\/div>\n\t\t\t\t\t\t\t<\/div>\n\t\t<\/section>\n\t\t\t\t<section class=\"elementor-section elementor-top-section elementor-element elementor-element-28e5cb5 elementor-section-height-min-height elementor-section-boxed elementor-section-height-default elementor-section-items-middle\" data-id=\"28e5cb5\" data-element_type=\"section\">\n\t\t\t\t\t\t<div class=\"elementor-container elementor-column-gap-default\">\n\t\t\t\t\t<div class=\"elementor-column elementor-col-100 elementor-top-column elementor-element elementor-element-2ea51c3\" data-id=\"2ea51c3\" data-element_type=\"column\">\n\t\t\t<div class=\"elementor-widget-wrap elementor-element-populated\">\n\t\t\t\t\t\t\t\t<div class=\"elementor-element elementor-element-c94db15 elementor-widget elementor-widget-heading\" data-id=\"c94db15\" data-element_type=\"widget\" data-widget_type=\"heading.default\">\n\t\t\t\t<div class=\"elementor-widget-container\">\n\t\t\t<style>\/*! elementor - v3.6.1 - 23-03-2022 *\/\n.elementor-heading-title{padding:0;margin:0;line-height:1}.elementor-widget-heading .elementor-heading-title[class*=elementor-size-]>a{color:inherit;font-size:inherit;line-height:inherit}.elementor-widget-heading .elementor-heading-title.elementor-size-small{font-size:15px}.elementor-widget-heading .elementor-heading-title.elementor-size-medium{font-size:19px}.elementor-widget-heading .elementor-heading-title.elementor-size-large{font-size:29px}.elementor-widget-heading .elementor-heading-title.elementor-size-xl{font-size:39px}.elementor-widget-heading .elementor-heading-title.elementor-size-xxl{font-size:59px}<\/style><h3 class=\"elementor-heading-title elementor-size-default\">Gal\u00e9ria<\/h3>\t\t<\/div>\n\t\t\t\t<\/div>\n\t\t\t\t\t<\/div>\n\t\t<\/div>\n\t\t\t\t\t\t\t<\/div>\n\t\t<\/section>\n\t\t\t\t<section class=\"elementor-section elementor-top-section elementor-element elementor-element-892fe70 elementor-section-boxed elementor-section-height-default elementor-section-height-default\" data-id=\"892fe70\" data-element_type=\"section\">\n\t\t\t\t\t\t<div class=\"elementor-container elementor-column-gap-default\">\n\t\t\t\t\t<div class=\"elementor-column elementor-col-100 elementor-top-column elementor-element elementor-element-7ec7b88\" data-id=\"7ec7b88\" data-element_type=\"column\">\n\t\t\t<div class=\"elementor-widget-wrap elementor-element-populated\">\n\t\t\t\t\t\t\t\t<div class=\"elementor-element elementor-element-b2ce19f elementor-widget elementor-widget-shortcode\" data-id=\"b2ce19f\" data-element_type=\"widget\" data-widget_type=\"shortcode.default\">\n\t\t\t\t<div class=\"elementor-widget-container\">\n\t\t\t\t\t<div class=\"elementor-shortcode\">\t\t\r\n\t\t<div class=\"aigpl-gallery-album-wrp aigpl-gallery-album aigpl-clearfix aigpl-album-design-1 galeria\" id=\"aigpl-gallery-1\">\r\n\r\n\t\t\r\n<div class=\"aigpl-cnt-wrp aigpl-col-3 aigpl-columns aigpl-first\">\r\n\t<div class=\"aigpl-inr-wrp\">\r\n\r\n\t\t<div class=\"aigpl-img-wrp\" style=\"\">\r\n\t\t\t<a class=\"aigpl-img-link\" href=\"https:\/\/seniorcenter.hu\/?page_id=215&album=1984\" target=\"_self\">\r\n\t\t\t\t\t\t\t\t<img decoding=\"async\" class=\"aigpl-img\"  src=\"https:\/\/seniorcenter.hu\/wp-content\/uploads\/2021\/09\/20190220_idosek_akademiaja_05.jpg\" alt=\"2019. febru\u00e1r 20. &#8211; Id\u0151sek Akad\u00e9mi\u00e1ja\" \/>\r\n\t\t\t\t\t\t\t<\/a>\r\n\t\t<\/div>\r\n\r\n\t\t\t\t\t<a class=\"aigpl-img-link\" href=\"https:\/\/seniorcenter.hu\/?page_id=215&album=1984\" target=\"_self\">\r\n\t\t\t\t<div class=\"aigpl-img-title aigpl-center\">2019. febru\u00e1r 20. - Id\u0151sek Akad\u00e9mi\u00e1ja<\/div>\r\n\t\t\t<\/a>\r\n\t\t\r\n\t\t\t\t<div class=\"aigpl-img-count aigpl-center\">23 Photos<\/div>\r\n\t\t\r\n\t\t\t<\/div>\r\n<\/div>\r\n<div class=\"aigpl-cnt-wrp aigpl-col-3 aigpl-columns\">\r\n\t<div class=\"aigpl-inr-wrp\">\r\n\r\n\t\t<div class=\"aigpl-img-wrp\" style=\"\">\r\n\t\t\t<a class=\"aigpl-img-link\" href=\"https:\/\/seniorcenter.hu\/?page_id=215&album=1983\" target=\"_self\">\r\n\t\t\t\t\t\t\t\t<img decoding=\"async\" class=\"aigpl-img\"  src=\"https:\/\/seniorcenter.hu\/wp-content\/uploads\/2021\/09\/20190208_nyugdijas_parlament_12.jpg\" alt=\"2019. febru\u00e1r 8. &#8211; Nyugd\u00edjas parlament\" \/>\r\n\t\t\t\t\t\t\t<\/a>\r\n\t\t<\/div>\r\n\r\n\t\t\t\t\t<a class=\"aigpl-img-link\" href=\"https:\/\/seniorcenter.hu\/?page_id=215&album=1983\" target=\"_self\">\r\n\t\t\t\t<div class=\"aigpl-img-title aigpl-center\">2019. febru\u00e1r 8. - Nyugd\u00edjas parlament<\/div>\r\n\t\t\t<\/a>\r\n\t\t\r\n\t\t\t\t<div class=\"aigpl-img-count aigpl-center\">47 Photos<\/div>\r\n\t\t\r\n\t\t\t<\/div>\r\n<\/div>\r\n<div class=\"aigpl-cnt-wrp aigpl-col-3 aigpl-columns\">\r\n\t<div class=\"aigpl-inr-wrp\">\r\n\r\n\t\t<div class=\"aigpl-img-wrp\" style=\"\">\r\n\t\t\t<a class=\"aigpl-img-link\" href=\"https:\/\/seniorcenter.hu\/?page_id=215&album=1982\" target=\"_self\">\r\n\t\t\t\t\t\t\t\t<img decoding=\"async\" class=\"aigpl-img\"  src=\"https:\/\/seniorcenter.hu\/wp-content\/uploads\/2021\/09\/20190206_idosek_akademiaja_21.jpg\" alt=\"2019. febru\u00e1r 6. &#8211; Id\u0151sek Akad\u00e9mi\u00e1ja\" \/>\r\n\t\t\t\t\t\t\t<\/a>\r\n\t\t<\/div>\r\n\r\n\t\t\t\t\t<a class=\"aigpl-img-link\" href=\"https:\/\/seniorcenter.hu\/?page_id=215&album=1982\" target=\"_self\">\r\n\t\t\t\t<div class=\"aigpl-img-title aigpl-center\">2019. febru\u00e1r 6. - Id\u0151sek Akad\u00e9mi\u00e1ja<\/div>\r\n\t\t\t<\/a>\r\n\t\t\r\n\t\t\t\t<div class=\"aigpl-img-count aigpl-center\">21 Photos<\/div>\r\n\t\t\r\n\t\t\t<\/div>\r\n<\/div>\r\n<div class=\"aigpl-cnt-wrp aigpl-col-3 aigpl-columns aigpl-first\">\r\n\t<div class=\"aigpl-inr-wrp\">\r\n\r\n\t\t<div class=\"aigpl-img-wrp\" style=\"\">\r\n\t\t\t<a class=\"aigpl-img-link\" href=\"https:\/\/seniorcenter.hu\/?page_id=215&album=1981\" target=\"_self\">\r\n\t\t\t\t\t\t\t\t<img decoding=\"async\" class=\"aigpl-img\"  src=\"https:\/\/seniorcenter.hu\/wp-content\/uploads\/2021\/09\/20190123_idosek_akademiaja_12.jpg\" alt=\"2019. janu\u00e1r 23. &#8211; Id\u0151sek Akad\u00e9mi\u00e1ja\" \/>\r\n\t\t\t\t\t\t\t<\/a>\r\n\t\t<\/div>\r\n\r\n\t\t\t\t\t<a class=\"aigpl-img-link\" href=\"https:\/\/seniorcenter.hu\/?page_id=215&album=1981\" target=\"_self\">\r\n\t\t\t\t<div class=\"aigpl-img-title aigpl-center\">2019. janu\u00e1r 23. - Id\u0151sek Akad\u00e9mi\u00e1ja<\/div>\r\n\t\t\t<\/a>\r\n\t\t\r\n\t\t\t\t<div class=\"aigpl-img-count aigpl-center\">15 Photos<\/div>\r\n\t\t\r\n\t\t\t<\/div>\r\n<\/div>\r\n<div class=\"aigpl-cnt-wrp aigpl-col-3 aigpl-columns\">\r\n\t<div class=\"aigpl-inr-wrp\">\r\n\r\n\t\t<div class=\"aigpl-img-wrp\" style=\"\">\r\n\t\t\t<a class=\"aigpl-img-link\" href=\"https:\/\/seniorcenter.hu\/?page_id=215&album=1980\" target=\"_self\">\r\n\t\t\t\t\t\t\t\t<img decoding=\"async\" class=\"aigpl-img\"  src=\"https:\/\/seniorcenter.hu\/wp-content\/uploads\/2021\/09\/20190109_idosek_akademiaja_02.jpg\" alt=\"2019. janu\u00e1r 9. &#8211; Id\u0151sek Akad\u00e9mi\u00e1ja\" \/>\r\n\t\t\t\t\t\t\t<\/a>\r\n\t\t<\/div>\r\n\r\n\t\t\t\t\t<a class=\"aigpl-img-link\" href=\"https:\/\/seniorcenter.hu\/?page_id=215&album=1980\" target=\"_self\">\r\n\t\t\t\t<div class=\"aigpl-img-title aigpl-center\">2019. janu\u00e1r 9. - Id\u0151sek Akad\u00e9mi\u00e1ja<\/div>\r\n\t\t\t<\/a>\r\n\t\t\r\n\t\t\t\t<div class=\"aigpl-img-count aigpl-center\">16 Photos<\/div>\r\n\t\t\r\n\t\t\t<\/div>\r\n<\/div>\r\n<div class=\"aigpl-cnt-wrp aigpl-col-3 aigpl-columns\">\r\n\t<div class=\"aigpl-inr-wrp\">\r\n\r\n\t\t<div class=\"aigpl-img-wrp\" style=\"\">\r\n\t\t\t<a class=\"aigpl-img-link\" href=\"https:\/\/seniorcenter.hu\/?page_id=215&album=1857\" target=\"_self\">\r\n\t\t\t\t\t\t\t\t<img decoding=\"async\" class=\"aigpl-img\"  src=\"https:\/\/seniorcenter.hu\/wp-content\/uploads\/2021\/09\/20181220_karacsoniy_gala_66.jpg\" alt=\"2018. december 20. &#8211; Kar\u00e1csonyi g\u00e1la\" \/>\r\n\t\t\t\t\t\t\t<\/a>\r\n\t\t<\/div>\r\n\r\n\t\t\t\t\t<a class=\"aigpl-img-link\" href=\"https:\/\/seniorcenter.hu\/?page_id=215&album=1857\" target=\"_self\">\r\n\t\t\t\t<div class=\"aigpl-img-title aigpl-center\">2018. december 20. - Kar\u00e1csonyi g\u00e1la<\/div>\r\n\t\t\t<\/a>\r\n\t\t\r\n\t\t\t\t<div class=\"aigpl-img-count aigpl-center\">67 Photos<\/div>\r\n\t\t\r\n\t\t\t<\/div>\r\n<\/div>\r\n<div class=\"aigpl-cnt-wrp aigpl-col-3 aigpl-columns aigpl-first\">\r\n\t<div class=\"aigpl-inr-wrp\">\r\n\r\n\t\t<div class=\"aigpl-img-wrp\" style=\"\">\r\n\t\t\t<a class=\"aigpl-img-link\" href=\"https:\/\/seniorcenter.hu\/?page_id=215&album=1856\" target=\"_self\">\r\n\t\t\t\t\t\t\t\t<img decoding=\"async\" class=\"aigpl-img\"  src=\"https:\/\/seniorcenter.hu\/wp-content\/uploads\/2021\/09\/20181207_idosugyi_tanacs_01.jpg\" alt=\"2018. december 7. &#8211; Id\u0151s\u00fcgyi Tan\u00e1cs \u00e9vz\u00e1r\u00f3 \u00fcl\u00e9se\" \/>\r\n\t\t\t\t\t\t\t<\/a>\r\n\t\t<\/div>\r\n\r\n\t\t\t\t\t<a class=\"aigpl-img-link\" href=\"https:\/\/seniorcenter.hu\/?page_id=215&album=1856\" target=\"_self\">\r\n\t\t\t\t<div class=\"aigpl-img-title aigpl-center\">2018. december 7. - Id\u0151s\u00fcgyi Tan\u00e1cs \u00e9vz\u00e1r\u00f3 \u00fcl\u00e9se<\/div>\r\n\t\t\t<\/a>\r\n\t\t\r\n\t\t\t\t<div class=\"aigpl-img-count aigpl-center\">10 Photos<\/div>\r\n\t\t\r\n\t\t\t<\/div>\r\n<\/div>\r\n<div class=\"aigpl-cnt-wrp aigpl-col-3 aigpl-columns\">\r\n\t<div class=\"aigpl-inr-wrp\">\r\n\r\n\t\t<div class=\"aigpl-img-wrp\" style=\"\">\r\n\t\t\t<a class=\"aigpl-img-link\" href=\"https:\/\/seniorcenter.hu\/?page_id=215&album=1855\" target=\"_self\">\r\n\t\t\t\t\t\t\t\t<img decoding=\"async\" class=\"aigpl-img\"  src=\"https:\/\/seniorcenter.hu\/wp-content\/uploads\/2021\/09\/20181206_fenyounnep_32.jpg\" alt=\"2018. december 6. &#8211; Feny\u0151\u00fcnnep\" \/>\r\n\t\t\t\t\t\t\t<\/a>\r\n\t\t<\/div>\r\n\r\n\t\t\t\t\t<a class=\"aigpl-img-link\" href=\"https:\/\/seniorcenter.hu\/?page_id=215&album=1855\" target=\"_self\">\r\n\t\t\t\t<div class=\"aigpl-img-title aigpl-center\">2018. december 6. - Feny\u0151\u00fcnnep<\/div>\r\n\t\t\t<\/a>\r\n\t\t\r\n\t\t\t\t<div class=\"aigpl-img-count aigpl-center\">41 Photos<\/div>\r\n\t\t\r\n\t\t\t<\/div>\r\n<\/div>\r\n<div class=\"aigpl-cnt-wrp aigpl-col-3 aigpl-columns\">\r\n\t<div class=\"aigpl-inr-wrp\">\r\n\r\n\t\t<div class=\"aigpl-img-wrp\" style=\"\">\r\n\t\t\t<a class=\"aigpl-img-link\" href=\"https:\/\/seniorcenter.hu\/?page_id=215&album=1854\" target=\"_self\">\r\n\t\t\t\t\t\t\t\t<img decoding=\"async\" class=\"aigpl-img\"  src=\"https:\/\/seniorcenter.hu\/wp-content\/uploads\/2021\/09\/20181205_idosek_akademiaja_02.jpg\" alt=\"2018. december 5. &#8211; Id\u0151sek Akad\u00e9mi\u00e1j\u00e1nak el\u0151ad\u00e1sa\" \/>\r\n\t\t\t\t\t\t\t<\/a>\r\n\t\t<\/div>\r\n\r\n\t\t\t\t\t<a class=\"aigpl-img-link\" href=\"https:\/\/seniorcenter.hu\/?page_id=215&album=1854\" target=\"_self\">\r\n\t\t\t\t<div class=\"aigpl-img-title aigpl-center\">2018. december 5. - Id\u0151sek Akad\u00e9mi\u00e1j\u00e1nak el\u0151ad\u00e1sa<\/div>\r\n\t\t\t<\/a>\r\n\t\t\r\n\t\t\t\t<div class=\"aigpl-img-count aigpl-center\">32 Photos<\/div>\r\n\t\t\r\n\t\t\t<\/div>\r\n<\/div>\r\n<div class=\"aigpl-cnt-wrp aigpl-col-3 aigpl-columns aigpl-first\">\r\n\t<div class=\"aigpl-inr-wrp\">\r\n\r\n\t\t<div class=\"aigpl-img-wrp\" style=\"\">\r\n\t\t\t<a class=\"aigpl-img-link\" href=\"https:\/\/seniorcenter.hu\/?page_id=215&album=1853\" target=\"_self\">\r\n\t\t\t\t\t\t\t\t<img decoding=\"async\" class=\"aigpl-img\"  src=\"https:\/\/seniorcenter.hu\/wp-content\/uploads\/2021\/09\/20181121_idosek_akademiaja_01.jpg\" alt=\"2018. november 21. &#8211; Id\u0151sek Akad\u00e9mi\u00e1j\u00e1nak el\u0151ad\u00e1sa\" \/>\r\n\t\t\t\t\t\t\t<\/a>\r\n\t\t<\/div>\r\n\r\n\t\t\t\t\t<a class=\"aigpl-img-link\" href=\"https:\/\/seniorcenter.hu\/?page_id=215&album=1853\" target=\"_self\">\r\n\t\t\t\t<div class=\"aigpl-img-title aigpl-center\">2018. november 21. - Id\u0151sek Akad\u00e9mi\u00e1j\u00e1nak el\u0151ad\u00e1sa<\/div>\r\n\t\t\t<\/a>\r\n\t\t\r\n\t\t\t\t<div class=\"aigpl-img-count aigpl-center\">30 Photos<\/div>\r\n\t\t\r\n\t\t\t<\/div>\r\n<\/div>\r\n<div class=\"aigpl-cnt-wrp aigpl-col-3 aigpl-columns\">\r\n\t<div class=\"aigpl-inr-wrp\">\r\n\r\n\t\t<div class=\"aigpl-img-wrp\" style=\"\">\r\n\t\t\t<a class=\"aigpl-img-link\" href=\"https:\/\/seniorcenter.hu\/?page_id=215&album=1852\" target=\"_self\">\r\n\t\t\t\t\t\t\t\t<img decoding=\"async\" class=\"aigpl-img\"  src=\"https:\/\/seniorcenter.hu\/wp-content\/uploads\/2021\/09\/20181115_orszaghazi_kirandulas_40.jpg\" alt=\"2018. november 15. &#8211; Orsz\u00e1gh\u00e1zi kir\u00e1ndul\u00e1s\" \/>\r\n\t\t\t\t\t\t\t<\/a>\r\n\t\t<\/div>\r\n\r\n\t\t\t\t\t<a class=\"aigpl-img-link\" href=\"https:\/\/seniorcenter.hu\/?page_id=215&album=1852\" target=\"_self\">\r\n\t\t\t\t<div class=\"aigpl-img-title aigpl-center\">2018. november 15. - Orsz\u00e1gh\u00e1zi kir\u00e1ndul\u00e1s<\/div>\r\n\t\t\t<\/a>\r\n\t\t\r\n\t\t\t\t<div class=\"aigpl-img-count aigpl-center\">40 Photos<\/div>\r\n\t\t\r\n\t\t\t<\/div>\r\n<\/div>\r\n<div class=\"aigpl-cnt-wrp aigpl-col-3 aigpl-columns\">\r\n\t<div class=\"aigpl-inr-wrp\">\r\n\r\n\t\t<div class=\"aigpl-img-wrp\" style=\"\">\r\n\t\t\t<a class=\"aigpl-img-link\" href=\"https:\/\/seniorcenter.hu\/?page_id=215&album=1851\" target=\"_self\">\r\n\t\t\t\t\t\t\t\t<img decoding=\"async\" class=\"aigpl-img\"  src=\"https:\/\/seniorcenter.hu\/wp-content\/uploads\/2021\/09\/20181114_diabetesz_vilagnap_04.jpg\" alt=\"2018. november 14. &#8211; Diabetesz vil\u00e1gnapi rendezv\u00e9ny\" \/>\r\n\t\t\t\t\t\t\t<\/a>\r\n\t\t<\/div>\r\n\r\n\t\t\t\t\t<a class=\"aigpl-img-link\" href=\"https:\/\/seniorcenter.hu\/?page_id=215&album=1851\" target=\"_self\">\r\n\t\t\t\t<div class=\"aigpl-img-title aigpl-center\">2018. november 14. - Diabetesz vil\u00e1gnapi rendezv\u00e9ny<\/div>\r\n\t\t\t<\/a>\r\n\t\t\r\n\t\t\t\t<div class=\"aigpl-img-count aigpl-center\">42 Photos<\/div>\r\n\t\t\r\n\t\t\t<\/div>\r\n<\/div>\r\n<div class=\"aigpl-cnt-wrp aigpl-col-3 aigpl-columns aigpl-first\">\r\n\t<div class=\"aigpl-inr-wrp\">\r\n\r\n\t\t<div class=\"aigpl-img-wrp\" style=\"\">\r\n\t\t\t<a class=\"aigpl-img-link\" href=\"https:\/\/seniorcenter.hu\/?page_id=215&album=1850\" target=\"_self\">\r\n\t\t\t\t\t\t\t\t<img decoding=\"async\" class=\"aigpl-img\"  src=\"https:\/\/seniorcenter.hu\/wp-content\/uploads\/2021\/09\/20181707_idosek_akademiaja_02.jpg\" alt=\"2018. november 7 &#8211; Id\u0151sek Akad\u00e9mi\u00e1j\u00e1nak el\u0151ad\u00e1sa\" \/>\r\n\t\t\t\t\t\t\t<\/a>\r\n\t\t<\/div>\r\n\r\n\t\t\t\t\t<a class=\"aigpl-img-link\" href=\"https:\/\/seniorcenter.hu\/?page_id=215&album=1850\" target=\"_self\">\r\n\t\t\t\t<div class=\"aigpl-img-title aigpl-center\">2018. november 7 - Id\u0151sek Akad\u00e9mi\u00e1j\u00e1nak el\u0151ad\u00e1sa<\/div>\r\n\t\t\t<\/a>\r\n\t\t\r\n\t\t\t\t<div class=\"aigpl-img-count aigpl-center\">14 Photos<\/div>\r\n\t\t\r\n\t\t\t<\/div>\r\n<\/div>\r\n<div class=\"aigpl-cnt-wrp aigpl-col-3 aigpl-columns\">\r\n\t<div class=\"aigpl-inr-wrp\">\r\n\r\n\t\t<div class=\"aigpl-img-wrp\" style=\"\">\r\n\t\t\t<a class=\"aigpl-img-link\" href=\"https:\/\/seniorcenter.hu\/?page_id=215&album=1573\" target=\"_self\">\r\n\t\t\t\t\t\t\t\t<img decoding=\"async\" class=\"aigpl-img\"  src=\"https:\/\/seniorcenter.hu\/wp-content\/uploads\/2021\/09\/20181003_idosek_akademiaja_29.jpg\" alt=\"2018. okt\u00f3ber 3. &#8211; Id\u0151sek Akad\u00e9mi\u00e1j\u00e1nak el\u0151ad\u00e1sa\" \/>\r\n\t\t\t\t\t\t\t<\/a>\r\n\t\t<\/div>\r\n\r\n\t\t\t\t\t<a class=\"aigpl-img-link\" href=\"https:\/\/seniorcenter.hu\/?page_id=215&album=1573\" target=\"_self\">\r\n\t\t\t\t<div class=\"aigpl-img-title aigpl-center\">2018. okt\u00f3ber 3. - Id\u0151sek Akad\u00e9mi\u00e1j\u00e1nak el\u0151ad\u00e1sa<\/div>\r\n\t\t\t<\/a>\r\n\t\t\r\n\t\t\t\t<div class=\"aigpl-img-count aigpl-center\">38 Photos<\/div>\r\n\t\t\r\n\t\t\t<\/div>\r\n<\/div>\r\n<div class=\"aigpl-cnt-wrp aigpl-col-3 aigpl-columns\">\r\n\t<div class=\"aigpl-inr-wrp\">\r\n\r\n\t\t<div class=\"aigpl-img-wrp\" style=\"\">\r\n\t\t\t<a class=\"aigpl-img-link\" href=\"https:\/\/seniorcenter.hu\/?page_id=215&album=1477\" target=\"_self\">\r\n\t\t\t\t\t\t\t\t<img decoding=\"async\" class=\"aigpl-img\"  src=\"https:\/\/seniorcenter.hu\/wp-content\/uploads\/2021\/09\/20181001_idosek_vilagnapja_23.jpg\" alt=\"2018. okt\u00f3ber 1. &#8211; Id\u0151sek vil\u00e1gnapja Szegeden\" \/>\r\n\t\t\t\t\t\t\t<\/a>\r\n\t\t<\/div>\r\n\r\n\t\t\t\t\t<a class=\"aigpl-img-link\" href=\"https:\/\/seniorcenter.hu\/?page_id=215&album=1477\" target=\"_self\">\r\n\t\t\t\t<div class=\"aigpl-img-title aigpl-center\">2018. okt\u00f3ber 1. - Id\u0151sek vil\u00e1gnapja Szegeden<\/div>\r\n\t\t\t<\/a>\r\n\t\t\r\n\t\t\t\t<div class=\"aigpl-img-count aigpl-center\">56 Photos<\/div>\r\n\t\t\r\n\t\t\t<\/div>\r\n<\/div>\r\n<div class=\"aigpl-cnt-wrp aigpl-col-3 aigpl-columns aigpl-first\">\r\n\t<div class=\"aigpl-inr-wrp\">\r\n\r\n\t\t<div class=\"aigpl-img-wrp\" style=\"\">\r\n\t\t\t<a class=\"aigpl-img-link\" href=\"https:\/\/seniorcenter.hu\/?page_id=215&album=1476\" target=\"_self\">\r\n\t\t\t\t\t\t\t\t<img decoding=\"async\" class=\"aigpl-img\"  src=\"https:\/\/seniorcenter.hu\/wp-content\/uploads\/2021\/09\/20180927_tamogatasok_atadasa_32.jpg\" alt=\"2018. szeptember 27. &#8211; Nyertes p\u00e1ly\u00e1zatok t\u00e1mogat\u00e1si szerz\u0151d\u00e9seinek \u00e1tad\u00e1sa\" \/>\r\n\t\t\t\t\t\t\t<\/a>\r\n\t\t<\/div>\r\n\r\n\t\t\t\t\t<a class=\"aigpl-img-link\" href=\"https:\/\/seniorcenter.hu\/?page_id=215&album=1476\" target=\"_self\">\r\n\t\t\t\t<div class=\"aigpl-img-title aigpl-center\">2018. szeptember 27. - Nyertes p\u00e1ly\u00e1zatok t\u00e1mogat\u00e1si szerz\u0151d\u00e9seinek \u00e1tad\u00e1sa<\/div>\r\n\t\t\t<\/a>\r\n\t\t\r\n\t\t\t\t<div class=\"aigpl-img-count aigpl-center\">32 Photos<\/div>\r\n\t\t\r\n\t\t\t<\/div>\r\n<\/div>\r\n<div class=\"aigpl-cnt-wrp aigpl-col-3 aigpl-columns\">\r\n\t<div class=\"aigpl-inr-wrp\">\r\n\r\n\t\t<div class=\"aigpl-img-wrp\" style=\"\">\r\n\t\t\t<a class=\"aigpl-img-link\" href=\"https:\/\/seniorcenter.hu\/?page_id=215&album=1441\" target=\"_self\">\r\n\t\t\t\t\t\t\t\t<img decoding=\"async\" class=\"aigpl-img\"  src=\"https:\/\/seniorcenter.hu\/wp-content\/uploads\/2021\/09\/20180901_halfesztival_35.jpg\" alt=\"2018. szeptember 1. &#8211; Halfesztiv\u00e1l\" \/>\r\n\t\t\t\t\t\t\t<\/a>\r\n\t\t<\/div>\r\n\r\n\t\t\t\t\t<a class=\"aigpl-img-link\" href=\"https:\/\/seniorcenter.hu\/?page_id=215&album=1441\" target=\"_self\">\r\n\t\t\t\t<div class=\"aigpl-img-title aigpl-center\">2018. szeptember 1. - Halfesztiv\u00e1l<\/div>\r\n\t\t\t<\/a>\r\n\t\t\r\n\t\t\t\t<div class=\"aigpl-img-count aigpl-center\">86 Photos<\/div>\r\n\t\t\r\n\t\t\t<\/div>\r\n<\/div>\r\n<div class=\"aigpl-cnt-wrp aigpl-col-3 aigpl-columns\">\r\n\t<div class=\"aigpl-inr-wrp\">\r\n\r\n\t\t<div class=\"aigpl-img-wrp\" style=\"\">\r\n\t\t\t<a class=\"aigpl-img-link\" href=\"https:\/\/seniorcenter.hu\/?page_id=215&album=1354\" target=\"_self\">\r\n\t\t\t\t\t\t\t\t<img decoding=\"async\" class=\"aigpl-img\"  src=\"https:\/\/seniorcenter.hu\/wp-content\/uploads\/2021\/09\/20180901_sarkanyhajozas_20.jpg\" alt=\"2018. szeptember 1. &#8211; S\u00e1rk\u00e1nyhaj\u00f3z\u00e1s a Tisz\u00e1n\" \/>\r\n\t\t\t\t\t\t\t<\/a>\r\n\t\t<\/div>\r\n\r\n\t\t\t\t\t<a class=\"aigpl-img-link\" href=\"https:\/\/seniorcenter.hu\/?page_id=215&album=1354\" target=\"_self\">\r\n\t\t\t\t<div class=\"aigpl-img-title aigpl-center\">2018. szeptember 1. - S\u00e1rk\u00e1nyhaj\u00f3z\u00e1s a Tisz\u00e1n<\/div>\r\n\t\t\t<\/a>\r\n\t\t\r\n\t\t\t\t<div class=\"aigpl-img-count aigpl-center\">33 Photos<\/div>\r\n\t\t\r\n\t\t\t<\/div>\r\n<\/div>\r\n<div class=\"aigpl-cnt-wrp aigpl-col-3 aigpl-columns aigpl-first\">\r\n\t<div class=\"aigpl-inr-wrp\">\r\n\r\n\t\t<div class=\"aigpl-img-wrp\" style=\"\">\r\n\t\t\t<a class=\"aigpl-img-link\" href=\"https:\/\/seniorcenter.hu\/?page_id=215&album=1320\" target=\"_self\">\r\n\t\t\t\t\t\t\t\t<img decoding=\"async\" class=\"aigpl-img\"  src=\"https:\/\/seniorcenter.hu\/wp-content\/uploads\/2021\/09\/vhazi_estek_20180722_096.jpg\" alt=\"2018. j\u00falius 22. &#8211; K\u00e1v\u00e9h\u00e1zi est\u00e9k 3. nap\" \/>\r\n\t\t\t\t\t\t\t<\/a>\r\n\t\t<\/div>\r\n\r\n\t\t\t\t\t<a class=\"aigpl-img-link\" href=\"https:\/\/seniorcenter.hu\/?page_id=215&album=1320\" target=\"_self\">\r\n\t\t\t\t<div class=\"aigpl-img-title aigpl-center\">2018. j\u00falius 22. - K\u00e1v\u00e9h\u00e1zi est\u00e9k 3. nap<\/div>\r\n\t\t\t<\/a>\r\n\t\t\r\n\t\t\t\t<div class=\"aigpl-img-count aigpl-center\">101 Photos<\/div>\r\n\t\t\r\n\t\t\t<\/div>\r\n<\/div>\r\n<div class=\"aigpl-cnt-wrp aigpl-col-3 aigpl-columns\">\r\n\t<div class=\"aigpl-inr-wrp\">\r\n\r\n\t\t<div class=\"aigpl-img-wrp\" style=\"\">\r\n\t\t\t<a class=\"aigpl-img-link\" href=\"https:\/\/seniorcenter.hu\/?page_id=215&album=982\" target=\"_self\">\r\n\t\t\t\t\t\t\t\t<img decoding=\"async\" class=\"aigpl-img\"  src=\"https:\/\/seniorcenter.hu\/wp-content\/uploads\/2021\/09\/vhazi_estek_20180721_87.jpg\" alt=\"2018. j\u00falius 21. &#8211; K\u00e1v\u00e9h\u00e1zi est\u00e9k 2. nap\" \/>\r\n\t\t\t\t\t\t\t<\/a>\r\n\t\t<\/div>\r\n\r\n\t\t\t\t\t<a class=\"aigpl-img-link\" href=\"https:\/\/seniorcenter.hu\/?page_id=215&album=982\" target=\"_self\">\r\n\t\t\t\t<div class=\"aigpl-img-title aigpl-center\">2018. j\u00falius 21. - K\u00e1v\u00e9h\u00e1zi est\u00e9k 2. nap<\/div>\r\n\t\t\t<\/a>\r\n\t\t\r\n\t\t\t\t<div class=\"aigpl-img-count aigpl-center\">80 Photos<\/div>\r\n\t\t\r\n\t\t\t<\/div>\r\n<\/div>\r\n<div class=\"aigpl-cnt-wrp aigpl-col-3 aigpl-columns\">\r\n\t<div class=\"aigpl-inr-wrp\">\r\n\r\n\t\t<div class=\"aigpl-img-wrp\" style=\"\">\r\n\t\t\t<a class=\"aigpl-img-link\" href=\"https:\/\/seniorcenter.hu\/?page_id=215&album=893\" target=\"_self\">\r\n\t\t\t\t\t\t\t\t<img decoding=\"async\" class=\"aigpl-img\"  src=\"https:\/\/seniorcenter.hu\/wp-content\/uploads\/2021\/09\/vhazi_estek_20180720_46-1.jpg\" alt=\"2018. j\u00falius 20. &#8211; K\u00e1v\u00e9h\u00e1zi est\u00e9k 1. nap\" \/>\r\n\t\t\t\t\t\t\t<\/a>\r\n\t\t<\/div>\r\n\r\n\t\t\t\t\t<a class=\"aigpl-img-link\" href=\"https:\/\/seniorcenter.hu\/?page_id=215&album=893\" target=\"_self\">\r\n\t\t\t\t<div class=\"aigpl-img-title aigpl-center\">2018. j\u00falius 20. - K\u00e1v\u00e9h\u00e1zi est\u00e9k 1. nap<\/div>\r\n\t\t\t<\/a>\r\n\t\t\r\n\t\t\t\t<div class=\"aigpl-img-count aigpl-center\">46 Photos<\/div>\r\n\t\t\r\n\t\t\t<\/div>\r\n<\/div>\r\n<div class=\"aigpl-cnt-wrp aigpl-col-3 aigpl-columns aigpl-first\">\r\n\t<div class=\"aigpl-inr-wrp\">\r\n\r\n\t\t<div class=\"aigpl-img-wrp\" style=\"\">\r\n\t\t\t<a class=\"aigpl-img-link\" href=\"https:\/\/seniorcenter.hu\/?page_id=215&album=799\" target=\"_self\">\r\n\t\t\t\t\t\t\t\t<img decoding=\"async\" class=\"aigpl-img\"  src=\"https:\/\/seniorcenter.hu\/wp-content\/uploads\/2021\/09\/20180119_nyugdijas_parlament_01.jpg\" alt=\"2018. janu\u00e1r 19. &#8211; Nyugd\u00edjas parlament szegedi el\u0151ad\u00e1sa\" \/>\r\n\t\t\t\t\t\t\t<\/a>\r\n\t\t<\/div>\r\n\r\n\t\t\t\t\t<a class=\"aigpl-img-link\" href=\"https:\/\/seniorcenter.hu\/?page_id=215&album=799\" target=\"_self\">\r\n\t\t\t\t<div class=\"aigpl-img-title aigpl-center\">2018. janu\u00e1r 19. - Nyugd\u00edjas parlament szegedi el\u0151ad\u00e1sa<\/div>\r\n\t\t\t<\/a>\r\n\t\t\r\n\t\t\t\t<div class=\"aigpl-img-count aigpl-center\">19 Photos<\/div>\r\n\t\t\r\n\t\t\t<\/div>\r\n<\/div>\r\n<div class=\"aigpl-cnt-wrp aigpl-col-3 aigpl-columns\">\r\n\t<div class=\"aigpl-inr-wrp\">\r\n\r\n\t\t<div class=\"aigpl-img-wrp\" style=\"\">\r\n\t\t\t<a class=\"aigpl-img-link\" href=\"https:\/\/seniorcenter.hu\/?page_id=215&album=483\" target=\"_self\">\r\n\t\t\t\t\t\t\t\t<img decoding=\"async\" class=\"aigpl-img\"  src=\"https:\/\/seniorcenter.hu\/wp-content\/uploads\/2021\/09\/20180110_idosek_akademiaja_01.jpg\" alt=\"2018. janu\u00e1r 10. &#8211; Id\u0151sek Akad\u00e9mi\u00e1ja\" \/>\r\n\t\t\t\t\t\t\t<\/a>\r\n\t\t<\/div>\r\n\r\n\t\t\t\t\t<a class=\"aigpl-img-link\" href=\"https:\/\/seniorcenter.hu\/?page_id=215&album=483\" target=\"_self\">\r\n\t\t\t\t<div class=\"aigpl-img-title aigpl-center\">2018. janu\u00e1r 10. - Id\u0151sek Akad\u00e9mi\u00e1ja<\/div>\r\n\t\t\t<\/a>\r\n\t\t\r\n\t\t\t\t<div class=\"aigpl-img-count aigpl-center\">20 Photos<\/div>\r\n\t\t\r\n\t\t\t<\/div>\r\n<\/div>\r\n\t\t<\/div><!-- end .aigpl-gallery-album-wrp -->\r\n\r\n\t\n<\/div>\n\t\t\t\t<\/div>\n\t\t\t\t<\/div>\n\t\t\t\t\t<\/div>\n\t\t<\/div>\n\t\t\t\t\t\t\t<\/div>\n\t\t<\/section>\n\t\t\t\t\t\t\t<\/div>\n\t\t","protected":false},"excerpt":{"rendered":"<p>Gal\u00e9ria<\/p>\n","protected":false},"author":1,"featured_media":0,"parent":0,"menu_order":0,"comment_status":"closed","ping_status":"closed","template":"elementor_header_footer","meta":{"footnotes":""},"class_list":["post-215","page","type-page","status-publish","hentry"],"_links":{"self":[{"href":"https:\/\/seniorcenter.hu\/index.php?rest_route=\/wp\/v2\/pages\/215","targetHints":{"allow":["GET"]}}],"collection":[{"href":"https:\/\/seniorcenter.hu\/index.php?rest_route=\/wp\/v2\/pages"}],"about":[{"href":"https:\/\/seniorcenter.hu\/index.php?rest_route=\/wp\/v2\/types\/page"}],"author":[{"embeddable":true,"href":"https:\/\/seniorcenter.hu\/index.php?rest_route=\/wp\/v2\/users\/1"}],"replies":[{"embeddable":true,"href":"https:\/\/seniorcenter.hu\/index.php?rest_route=%2Fwp%2Fv2%2Fcomments&post=215"}],"version-history":[{"count":115,"href":"https:\/\/seniorcenter.hu\/index.php?rest_route=\/wp\/v2\/pages\/215\/revisions"}],"predecessor-version":[{"id":2264,"href":"https:\/\/seniorcenter.hu\/index.php?rest_route=\/wp\/v2\/pages\/215\/revisions\/2264"}],"wp:attachment":[{"href":"https:\/\/seniorcenter.hu\/index.php?rest_route=%2Fwp%2Fv2%2Fmedia&parent=215"}],"curies":[{"name":"wp","href":"https:\/\/api.w.org\/{rel}","templated":true}]}}