{"id":2,"date":"2016-05-10T03:48:21","date_gmt":"2016-05-10T03:48:21","guid":{"rendered":"http:\/\/seniorcenter.hu\/?page_id=2"},"modified":"2024-09-04T10:28:02","modified_gmt":"2024-09-04T10:28:02","slug":"sample-page","status":"publish","type":"page","link":"https:\/\/seniorcenter.hu\/","title":{"rendered":"SENIOR CENTER &#8211; ID\u0150SEK K\u00d6Z\u00d6SS\u00c9GI K\u00d6ZPONTJA"},"content":{"rendered":"<div class=\"wp-block-image\">\n<figure class=\"aligncenter size-large is-resized\"><img loading=\"lazy\" decoding=\"async\" width=\"1024\" height=\"768\" src=\"https:\/\/seniorcenter.hu\/wp-content\/uploads\/2024\/09\/honlapra-1024x768.png\" alt=\"\" class=\"wp-image-2896\" style=\"width:608px;height:auto\" srcset=\"https:\/\/seniorcenter.hu\/wp-content\/uploads\/2024\/09\/honlapra-1024x768.png 1024w, https:\/\/seniorcenter.hu\/wp-content\/uploads\/2024\/09\/honlapra-300x225.png 300w, https:\/\/seniorcenter.hu\/wp-content\/uploads\/2024\/09\/honlapra-768x576.png 768w, https:\/\/seniorcenter.hu\/wp-content\/uploads\/2024\/09\/honlapra-1536x1152.png 1536w, https:\/\/seniorcenter.hu\/wp-content\/uploads\/2024\/09\/honlapra-2048x1536.png 2048w, https:\/\/seniorcenter.hu\/wp-content\/uploads\/2024\/09\/honlapra-1200x900.png 1200w, https:\/\/seniorcenter.hu\/wp-content\/uploads\/2024\/09\/honlapra-1980x1485.png 1980w\" sizes=\"auto, (max-width: 1024px) 100vw, 1024px\" \/><\/figure>\n<\/div>\n\n\n<p><\/p>\n\n\n\n<div class=\"wp-block-group\"><div class=\"wp-block-group__inner-container is-layout-constrained wp-block-group-is-layout-constrained\">\n<\/p>\n<h3>SENIOR CENTER &#8211; ID\u0150SEK K\u00d6Z\u00d6SS\u00c9GI K\u00d6ZPONTJA<\/h3>\n<h3 style=\"text-align: left;\">Bemutatkozunk<\/h3>\n<p style=\"text-align: left;\"><strong>Tisztelt L\u00e1togat\u00f3ink!<\/strong><\/p>\n<p style=\"text-align: left;\">A legfontosabb inform\u00e1ci\u00f3k, h\u00edrek, programok a Senior Center Facebook oldal\u00e1n el\u00e9rhet\u0151ek:<\/p>\n<p>Facebook: <a href=\"https:\/\/www.facebook.com\/seniorcenterszeged\/\" target=\"_blank\" rel=\"noopener\">https:\/\/www.facebook.com\/seniorcenterszeged\/<\/a><\/p>\n<div>\n<h6>A k\u00f6z\u00f6ss\u00e9g mi vagyunk!<\/h6>\n<p>Mi, szegedi sz\u00e9pkor\u00faak, akik sok \u00e9ve egy\u00fctt form\u00e1ljuk v\u00e1rosunkat, k\u00f6rnyezet\u00fcnket. Mi, akik szeret\u00fcnk sportolni, m\u0171vel\u0151dni, koncertre j\u00e1rni, t\u00e1ncolni. Mi, akik felnevelt\u00fcnk t\u00f6bb gener\u00e1ci\u00f3t. Mi, akik az unok\u00e1inkkal egy\u00fctt j\u00e1tsz\u00f3terez\u00fcnk, nagyokat s\u00e9t\u00e1lunk, \u00e1llatkertbe megy\u00fcnk. Mi, akik k\u00f6z\u00f6sen \u00fcnnepelj\u00fck a sz\u00fclet\u00e9snapokat, hal\u00e1szl\u00e9t f\u0151z\u00fcnk, bogr\u00e1csozunk, s\u00e1rk\u00e1nyhaj\u00f3zunk, kir\u00e1ndulunk, utazunk, vigy\u00e1zunk egym\u00e1sra.<\/p>\n<div>\n<h6>Szeretettel v\u00e1runk sorainkba mindenkit, aki szeretn\u00e9 Szegeden meg\u00e9lni, milyen a tartalmas, mozgalmas id\u0151skor.<\/h6>\n<div>\n<ul>\n<li>pezsg\u0151 kultur\u00e1lis \u00e9let<\/li>\n<li>szabadid\u0151s programok<\/li>\n<li>eduk\u00e1ci\u00f3<\/li>\n<li>seg\u00edts\u00e9gny\u00fajt\u00e1s<\/li>\n<li>prevenci\u00f3<\/li>\n<\/ul>\n<\/div>\n<\/div>\n<\/div>\n<p style=\"text-align: left;\">K\u00f6sz\u00f6nj\u00fck \u00e9rdekl\u0151d\u00e9s\u00e9t, visszav\u00e1rjuk!<\/p>\n<p><img loading=\"lazy\" decoding=\"async\" class=\"wp-image-2868 aligncenter\" src=\"http:\/\/seniorcenter.hu\/wp-content\/uploads\/2024\/02\/11-300x300.png\" alt=\"\" width=\"400\" height=\"400\" srcset=\"https:\/\/seniorcenter.hu\/wp-content\/uploads\/2024\/02\/11-300x300.png 300w, https:\/\/seniorcenter.hu\/wp-content\/uploads\/2024\/02\/11-1024x1024.png 1024w, https:\/\/seniorcenter.hu\/wp-content\/uploads\/2024\/02\/11-150x150.png 150w, https:\/\/seniorcenter.hu\/wp-content\/uploads\/2024\/02\/11-768x768.png 768w, https:\/\/seniorcenter.hu\/wp-content\/uploads\/2024\/02\/11-1536x1536.png 1536w, https:\/\/seniorcenter.hu\/wp-content\/uploads\/2024\/02\/11-2048x2048.png 2048w, https:\/\/seniorcenter.hu\/wp-content\/uploads\/2024\/02\/11-1200x1200.png 1200w, https:\/\/seniorcenter.hu\/wp-content\/uploads\/2024\/02\/11-1980x1980.png 1980w\" sizes=\"auto, (max-width: 400px) 100vw, 400px\" \/><\/p>\n<div>\n<p><strong>Szeged Megyei Jog\u00fa V\u00e1ros \u00d6nkorm\u00e1nyzata megkezdi a Senior Center Eszperant\u00f3 utca 1. sz. alatti \u00e9p\u00fclet\u00e9nek fel\u00faj\u00edt\u00e1s\u00e1t.<\/strong><\/p>\n<div>\n<p><strong>A meg\u00fajul\u00e1s id\u0151szaka alatt rendezv\u00e9nyeinket egy\u00e9b helysz\u00edneken tartjuk meg, melyekr\u0151l folyamatosan t\u00e1j\u00e9koztatjuk tagjainkat, klubvezet\u0151inket.<\/strong><\/p>\n<\/div>\n<\/div>\n<p><iframe title=\"Eszperant\u00f3 u. 1 Szeged 6724\" src=\"https:\/\/maps.google.com\/maps?q=Eszperant%C3%B3%20u.%201%20Szeged%206724&amp;t=m&amp;z=10&amp;output=embed&amp;iwloc=near\" frameborder=\"0\" marginwidth=\"0\" marginheight=\"0\" scrolling=\"no\" aria-label=\"Eszperant\u00f3 u. 1 Szeged 6724\"><\/iframe><\/p>\n<h3>Kapcsolat<\/h3>\n<p>Id\u0151sek K\u00f6z\u00f6ss\u00e9gi K\u00f6zpontja, Senior Center<\/p>\n<p>6724 Szeged, Eszperant\u00f3 u. 1.<br \/>Tel.: +3670 2769557<br \/>Email: toth.ildiko@szeged.eu<\/p>\n<p>Facebook: <a href=\"https:\/\/www.facebook.com\/seniorcenterszeged\/\" target=\"_blank\" rel=\"noopener\">https:\/\/www.facebook.com\/seniorcenterszeged\/<\/a><\/p>\n<p>Nyitvatart\u00e1s: H\u00e9tf\u0151 &#8211; P\u00e9ntek\u00a0 8 &#8211; 16 \u00f3ra<\/p>\n<h3>\u00dczenjen Nek\u00fcnk<\/h3>\n<form action=\"\/wp-admin\/admin-ajax.php#wpcf7-f2148-o1\" method=\"post\" novalidate=\"novalidate\" data-status=\"init\"><input name=\"_wpcf7\" type=\"hidden\" value=\"2148\" \/><br \/><input name=\"_wpcf7_version\" type=\"hidden\" value=\"5.5.6\" \/><br \/><input name=\"_wpcf7_locale\" type=\"hidden\" value=\"hu_HU\" \/><br \/><input name=\"_wpcf7_unit_tag\" type=\"hidden\" value=\"wpcf7-f2148-o1\" \/><br \/><input name=\"_wpcf7_container_post\" type=\"hidden\" value=\"0\" \/><br \/><input name=\"_wpcf7_posted_data_hash\" type=\"hidden\" value=\"\" \/><\/form>\n<p><label> N\u00e9v<br \/><input name=\"your-name\" size=\"40\" type=\"text\" value=\"\" aria-required=\"true\" aria-invalid=\"false\" \/> <\/label><\/p>\n<p><label> E-mail c\u00edm<br \/><input name=\"your-email\" size=\"40\" type=\"email\" value=\"\" aria-required=\"true\" aria-invalid=\"false\" \/> <\/label><\/p>\n<p><label> T\u00e1rgy<br \/><input name=\"your-subject\" size=\"40\" type=\"text\" value=\"\" aria-required=\"true\" aria-invalid=\"false\" \/> <\/label><\/p>\n<p><label> \u00dczenet<br \/><textarea cols=\"40\" name=\"your-message\" rows=\"10\" aria-required=\"true\" aria-invalid=\"false\"><\/textarea> <\/label><\/p>\n<p><input type=\"submit\" value=\"Bek\u00fcld\u00e9s\" \/><\/p>\n<\/div><\/div>\n","protected":false},"excerpt":{"rendered":"<p>SENIOR CENTER &#8211; ID\u0150SEK K\u00d6Z\u00d6SS\u00c9GI K\u00d6ZPONTJA Bemutatkozunk Tisztelt L\u00e1togat\u00f3ink! A legfontosabb inform\u00e1ci\u00f3k, h\u00edrek, programok a Senior Center Facebook oldal\u00e1n el\u00e9rhet\u0151ek: Facebook: https:\/\/www.facebook.com\/seniorcenterszeged\/ A k\u00f6z\u00f6ss\u00e9g mi vagyunk! Mi, szegedi sz\u00e9pkor\u00faak, akik sok \u00e9ve egy\u00fctt form\u00e1ljuk v\u00e1rosunkat, k\u00f6rnyezet\u00fcnket. Mi, akik szeret\u00fcnk sportolni, m\u0171vel\u0151dni, koncertre j\u00e1rni, t\u00e1ncolni. Mi, akik felnevelt\u00fcnk t\u00f6bb gener\u00e1ci\u00f3t. Mi, akik az unok\u00e1inkkal egy\u00fctt j\u00e1tsz\u00f3terez\u00fcnk, [&hellip;]<\/p>\n","protected":false},"author":1,"featured_media":2860,"parent":0,"menu_order":0,"comment_status":"closed","ping_status":"open","template":"elementor_header_footer","meta":{"footnotes":""},"class_list":["post-2","page","type-page","status-publish","has-post-thumbnail","hentry"],"_links":{"self":[{"href":"https:\/\/seniorcenter.hu\/index.php?rest_route=\/wp\/v2\/pages\/2","targetHints":{"allow":["GET"]}}],"collection":[{"href":"https:\/\/seniorcenter.hu\/index.php?rest_route=\/wp\/v2\/pages"}],"about":[{"href":"https:\/\/seniorcenter.hu\/index.php?rest_route=\/wp\/v2\/types\/page"}],"author":[{"embeddable":true,"href":"https:\/\/seniorcenter.hu\/index.php?rest_route=\/wp\/v2\/users\/1"}],"replies":[{"embeddable":true,"href":"https:\/\/seniorcenter.hu\/index.php?rest_route=%2Fwp%2Fv2%2Fcomments&post=2"}],"version-history":[{"count":239,"href":"https:\/\/seniorcenter.hu\/index.php?rest_route=\/wp\/v2\/pages\/2\/revisions"}],"predecessor-version":[{"id":2897,"href":"https:\/\/seniorcenter.hu\/index.php?rest_route=\/wp\/v2\/pages\/2\/revisions\/2897"}],"wp:featuredmedia":[{"embeddable":true,"href":"https:\/\/seniorcenter.hu\/index.php?rest_route=\/wp\/v2\/media\/2860"}],"wp:attachment":[{"href":"https:\/\/seniorcenter.hu\/index.php?rest_route=%2Fwp%2Fv2%2Fmedia&parent=2"}],"curies":[{"name":"wp","href":"https:\/\/api.w.org\/{rel}","templated":true}]}}